{"id":4611,"date":"2024-09-01T05:41:35","date_gmt":"2024-09-01T05:41:35","guid":{"rendered":"https:\/\/zsjawornik.pl\/?page_id=4611"},"modified":"2025-06-30T05:43:43","modified_gmt":"2025-06-30T05:43:43","slug":"rok-szkolny-2024-2025","status":"publish","type":"page","link":"https:\/\/zsjawornik.pl\/index.php\/rok-szkolny-2024-2025\/","title":{"rendered":"rok szkolny 2024 \/ 2025"},"content":{"rendered":"\n<p style=\"font-size:35px\"><strong>ZAKO\u0143CZENIE ROKU SZKOLNEGO 2024 \/ 2025<\/strong><\/p>\n\n\n\nngg_shortcode_0_placeholder\n\n\n\n<p style=\"font-size:35px\"><strong>RABKOLAND <\/strong><\/p>\n\n\n\nngg_shortcode_1_placeholder\n\n\n\n<p style=\"font-size:35px\"><strong>XXXIV ZJAZD RODZINY SZK\u00d3\u0141 IMIENIA JANA PAW\u0141A II<\/strong><\/p>\n\n\n\nngg_shortcode_2_placeholder\n\n\n\n<p style=\"font-size:35px\"><strong>MA\u0141Y MISTRZ<\/strong><\/p>\n\n\n\nngg_shortcode_3_placeholder\n\n\n\n<p style=\"font-size:35px\"><strong>GMINNY KONKURS ORTOGRAFICZNY<\/strong><\/p>\n\n\n\nngg_shortcode_4_placeholder\n\n\n\n<p style=\"font-size:35px\"><strong>KONKURS LITERACKI<\/strong><\/p>\n\n\n\nngg_shortcode_5_placeholder\n\n\n\n<p style=\"font-size:35px\"><strong>DZIE\u0143 MAMY I TATY<\/strong><\/p>\n\n\n\nngg_shortcode_6_placeholder\n\n\n\n<p style=\"font-size:35px\"><strong>ULICZNA GRA Z EKONOMIKIEM ZS 2<\/strong><\/p>\n\n\n\nngg_shortcode_7_placeholder\n\n\n\n<p style=\"font-size:35px\"><strong>30 LECIE NADANIA IM. JANA PAW\u0141A II<\/strong><\/p>\n\n\n\n<figure class=\"wp-block-video\"><video controls src=\"https:\/\/zsjawornik.pl\/wp-content\/uploads\/2025\/05\/1-online-video-cutter.com_.mp4\"><\/video><\/figure>\n\n\n\nngg_shortcode_8_placeholder\n\n\n\n<p style=\"font-size:35px\"><strong>KONSTYTUCJA 3 MAJA <\/strong><\/p>\n\n\n\nngg_shortcode_9_placeholder\n\n\n\n<p style=\"font-size:35px\"><strong>SZKOLNY KONKURS PIE\u015aNI PAPIESKICH<\/strong><\/p>\n\n\n\nngg_shortcode_10_placeholder\n\n\n\n<p style=\"font-size:35px\"><strong>DZIE\u0143 BEZ PLECAKA<\/strong><\/p>\n\n\n\nngg_shortcode_11_placeholder\n\n\n\n<p style=\"font-size:35px\"><strong>21 MARCA PIERWSZY DZIE\u0143 WIOSNY<\/strong><\/p>\n\n\n\nngg_shortcode_12_placeholder\n\n\n\n<p style=\"font-size:35px\"><strong>SPOTKANIE Z RATOWNIKIEM <\/strong><\/p>\n\n\n\nngg_shortcode_13_placeholder\n\n\n\n<p style=\"font-size:35px\"><strong>ZABAWA KARNAWA\u0141OWA<\/strong><\/p>\n\n\n\nngg_shortcode_14_placeholder\n\n\n\n<p style=\"font-size:35px\"><strong>DZIE\u0143 BABCI I DZIADKA<\/strong><\/p>\n\n\n\nngg_shortcode_15_placeholder\n\n\n\n<p style=\"font-size:35px\"><strong>JASE\u0141KA <\/strong><\/p>\n\n\n\nngg_shortcode_16_placeholder\n\n\n\n<p style=\"font-size:35px\"><strong>FABRYKA BANIEK<\/strong><\/p>\n\n\n\nngg_shortcode_17_placeholder\n\n\n\n<p style=\"font-size:35px\"><strong>SUKCESY SPORTOWE XI, XII 2024<\/strong><\/p>\n\n\n\nngg_shortcode_18_placeholder\n\n\n\n<p style=\"font-size:35px\"><strong>PODSUMOWANIE OSI\u0104GNI\u0118\u0106 SPORTOWYCH 2023\/2024<\/strong><\/p>\n\n\n\nngg_shortcode_19_placeholder\n\n\n\n<p style=\"font-size:35px\"><strong>MIKO\u0141AJKI<\/strong><\/p>\n\n\n\nngg_shortcode_20_placeholder\n\n\n\n<p style=\"font-size:35px\"><strong>MI\u0118DZYNARODOWY DZIE\u0143 OS\u00d3B NIEPE\u0141NOSPRAWNYCH<\/strong><\/p>\n\n\n\nngg_shortcode_21_placeholder\n\n\n\n<p style=\"font-size:35px\"><strong>KIERMASZ ANDRZEJKOWY<\/strong><\/p>\n\n\n\nngg_shortcode_22_placeholder\n\n\n\n<p style=\"font-size:35px\"><strong>WYCIECZKA KLASY 3<\/strong><\/p>\n\n\n\nngg_shortcode_23_placeholder\n\n\n\n<p style=\"font-size:35px\"><strong>ANDRZEJKI<\/strong><\/p>\n\n\n\nngg_shortcode_24_placeholder\n\n\n\n<p style=\"font-size:35px\"><strong>WIZYTA KLASY IB U BURMISTRZA<\/strong><\/p>\n\n\n\nngg_shortcode_25_placeholder\n\n\n\n<p style=\"font-size:35px\"><strong>DZIE\u0143 PLUSZOWEGO MISIA <\/strong><\/p>\n\n\n\nngg_shortcode_26_placeholder\n\n\n\n<p style=\"font-size:35px\"><strong>EDUKACJA Z WOJSKIEM<\/strong><\/p>\n\n\n\nngg_shortcode_27_placeholder\n\n\n\n<p style=\"font-size:35px\"><strong>WYCIECZKA DO WARSZAWY <\/strong><\/p>\n\n\n\nngg_shortcode_28_placeholder\n\n\n\n<p style=\"font-size:35px\"><strong>POG\u00d3RZANIN <\/strong><\/p>\n\n\n\nngg_shortcode_29_placeholder\n\n\n\n<p style=\"font-size:35px\"><strong>NARODOWE \u015aWI\u0118TO NIEPODLEG\u0141O\u015aCI <\/strong><\/p>\n\n\n\nngg_shortcode_30_placeholder\n\n\n\n<p style=\"font-size:35px\"><strong>REKONSTRUKCJA HISTORYCZNA<\/strong><\/p>\n\n\n\nngg_shortcode_31_placeholder\n\n\n\n<p style=\"font-size:35px\"><strong>PASOWANIE UCZNI\u00d3W KLAS PIERWSZYCH<\/strong><\/p>\n\n\n\nngg_shortcode_32_placeholder\n\n\n\n<p style=\"font-size:35px\"><strong>DZIE\u0143 EDUKACJI NARODOWEJ<\/strong><\/p>\n\n\n\nngg_shortcode_33_placeholder\n\n\n\n<p style=\"font-size:35px\"><strong>MOBILNE PLANETARIUM<\/strong><\/p>\n\n\n\nngg_shortcode_34_placeholder\n\n\n\n<p style=\"font-size:35px\"><strong>ZAWODY SPORTOWE <\/strong><\/p>\n\n\n\nngg_shortcode_35_placeholder\n\n\n\n<p style=\"font-size:35px\"><strong>KWIETNA \u0141\u0104KA<\/strong><\/p>\n\n\n\nngg_shortcode_36_placeholder\n\n\n\n<p style=\"font-size:35px\"><strong>NARODOWE CZYTANIE <\/strong><\/p>\n\n\n\nngg_shortcode_37_placeholder\n\n\n\n<p style=\"font-size:35px\"><strong>ROZPOCZ\u0118CIE ROKU SZKOLNEGO <\/strong><\/p>\n\n\n\nngg_shortcode_38_placeholder\n","protected":false},"excerpt":{"rendered":"<p>ZAKO\u0143CZENIE ROKU SZKOLNEGO 2024 \/ 2025 RABKOLAND XXXIV ZJAZD RODZINY SZK\u00d3\u0141 IMIENIA JANA PAW\u0141A II MA\u0141Y MISTRZ GMINNY KONKURS ORTOGRAFICZNY KONKURS LITERACKI DZIE\u0143 MAMY I TATY ULICZNA GRA Z EKONOMIKIEM ZS 2 30 LECIE NADANIA IM. JANA PAW\u0141A II KONSTYTUCJA 3 MAJA SZKOLNY KONKURS PIE\u015aNI PAPIESKICH DZIE\u0143 BEZ PLECAKA 21 MARCA PIERWSZY DZIE\u0143 WIOSNY SPOTKANIE [&hellip;]<\/p>\n","protected":false},"author":1,"featured_media":0,"parent":0,"menu_order":0,"comment_status":"closed","ping_status":"closed","template":"","meta":{"ngg_post_thumbnail":0,"footnotes":""},"class_list":["post-4611","page","type-page","status-publish","hentry","clearfix"],"_links":{"self":[{"href":"https:\/\/zsjawornik.pl\/index.php\/wp-json\/wp\/v2\/pages\/4611","targetHints":{"allow":["GET"]}}],"collection":[{"href":"https:\/\/zsjawornik.pl\/index.php\/wp-json\/wp\/v2\/pages"}],"about":[{"href":"https:\/\/zsjawornik.pl\/index.php\/wp-json\/wp\/v2\/types\/page"}],"author":[{"embeddable":true,"href":"https:\/\/zsjawornik.pl\/index.php\/wp-json\/wp\/v2\/users\/1"}],"replies":[{"embeddable":true,"href":"https:\/\/zsjawornik.pl\/index.php\/wp-json\/wp\/v2\/comments?post=4611"}],"version-history":[{"count":40,"href":"https:\/\/zsjawornik.pl\/index.php\/wp-json\/wp\/v2\/pages\/4611\/revisions"}],"predecessor-version":[{"id":5535,"href":"https:\/\/zsjawornik.pl\/index.php\/wp-json\/wp\/v2\/pages\/4611\/revisions\/5535"}],"wp:attachment":[{"href":"https:\/\/zsjawornik.pl\/index.php\/wp-json\/wp\/v2\/media?parent=4611"}],"curies":[{"name":"wp","href":"https:\/\/api.w.org\/{rel}","templated":true}]}}