{"id":2896,"date":"2022-03-24T11:24:06","date_gmt":"2022-03-24T11:24:06","guid":{"rendered":"https:\/\/zsjawornik.pl\/?page_id=2896"},"modified":"2022-04-08T12:07:32","modified_gmt":"2022-04-08T12:07:32","slug":"oferty-szkol-srednich","status":"publish","type":"page","link":"https:\/\/zsjawornik.pl\/index.php\/oferty-szkol-srednich\/","title":{"rendered":"OFERTY SZK\u00d3\u0141 \u015aREDNICH"},"content":{"rendered":"\n<p class=\"has-medium-font-size\"><strong>ZESP\u00d3\u0141 SZK\u00d3\u0141 KSZTA\u0141CENIA USTAWICZNEGO W RZESZOWIE<\/strong><\/p>\n\n\n\n<p><strong><a href=\"https:\/\/zsjawornik.pl\/wp-content\/uploads\/2022\/04\/dzien-otwarty-ZSKU-22.04.22.png\">DZIE\u0143 OTWARTY ZSKU<\/a><\/strong><\/p>\n\n\n\n<p><strong><a href=\"https:\/\/zsjawornik.pl\/wp-content\/uploads\/2022\/04\/dzien-otwarty-zsku.png\">DZIE\u0143 OTWARTY ZSKU<\/a><\/strong><\/p>\n\n\n\n<p><\/p>\n\n\n\n<p class=\"has-medium-font-size\"><strong>III LICEUM OG\u00d3LNOKSZTA\u0141C\u0104CE IM. CYPRIANA KAMILA NORWIDA W RZESZOWIE<\/strong><\/p>\n\n\n\n<p><a href=\"https:\/\/zsjawornik.pl\/wp-content\/uploads\/2022\/04\/Rekrutacja-na-rok-szkolny-2022-2023._-7.04.docx\">REKRUTACJA NA ROK SZKOLNY 2022_23<\/a><\/p>\n\n\n\n<p><\/p>\n\n\n\n<p class=\"has-medium-font-size\"><strong>SZKO\u0141A LE\u015aNA MINISTRA KLIMATU I \u015aRODOWISKA W LESKU<\/strong> <\/p>\n\n\n\n<p><strong><a href=\"https:\/\/zsjawornik.pl\/wp-content\/uploads\/2022\/04\/Uczniowie-i-Rodzice-klas-VIII.doc\">DNI OTWARTYCH DRZWI<\/a><\/strong><\/p>\n\n\n\n<p><\/p>\n\n\n\n<p class=\"has-medium-font-size\"><strong>ZESP\u00d3\u0141 SZK\u00d3\u0141 ZAWODOWYCH IM. KR\u00d3LA JANA III SOBIESKIEGO W PRZEWORSKU<\/strong><\/p>\n\n\n\n<p><strong><a href=\"https:\/\/zsjawornik.pl\/wp-content\/uploads\/2022\/03\/Oferta-edukacyjna-szkoly.pdf\">OFERTA EDUKACYJNA SZKO\u0141Y<\/a><\/strong><\/p>\n\n\n\n<p><strong><a href=\"https:\/\/zsjawornik.pl\/wp-content\/uploads\/2022\/03\/Folder-promocyjny-szkoly.pdf\">FOLDER PROMOCYJNY SZKO\u0141Y<\/a><\/strong><\/p>\n\n\n\n<p><a href=\"https:\/\/zsjawornik.pl\/wp-content\/uploads\/2022\/04\/PLAK_DZIEN_OTW_22.pdf\">DZIE\u0143 OTWARTY SZKO\u0141Y<\/a><\/p>\n\n\n\n<p><a href=\"https:\/\/zsjawornik.pl\/wp-content\/uploads\/2022\/04\/folder_22_23_druk_A4.pdf\">FOLDER 22_23<\/a><\/p>\n","protected":false},"excerpt":{"rendered":"<p>ZESP\u00d3\u0141 SZK\u00d3\u0141 KSZTA\u0141CENIA USTAWICZNEGO W RZESZOWIE DZIE\u0143 OTWARTY ZSKU DZIE\u0143 OTWARTY ZSKU III LICEUM OG\u00d3LNOKSZTA\u0141C\u0104CE IM. CYPRIANA KAMILA NORWIDA W RZESZOWIE REKRUTACJA NA ROK SZKOLNY 2022_23 SZKO\u0141A LE\u015aNA MINISTRA KLIMATU I \u015aRODOWISKA W LESKU DNI OTWARTYCH DRZWI ZESP\u00d3\u0141 SZK\u00d3\u0141 ZAWODOWYCH IM. KR\u00d3LA JANA III SOBIESKIEGO W PRZEWORSKU OFERTA EDUKACYJNA SZKO\u0141Y FOLDER PROMOCYJNY SZKO\u0141Y DZIE\u0143 OTWARTY [&hellip;]<\/p>\n","protected":false},"author":1,"featured_media":0,"parent":0,"menu_order":0,"comment_status":"closed","ping_status":"closed","template":"","meta":{"ngg_post_thumbnail":0,"footnotes":""},"class_list":["post-2896","page","type-page","status-publish","hentry","clearfix"],"_links":{"self":[{"href":"https:\/\/zsjawornik.pl\/index.php\/wp-json\/wp\/v2\/pages\/2896","targetHints":{"allow":["GET"]}}],"collection":[{"href":"https:\/\/zsjawornik.pl\/index.php\/wp-json\/wp\/v2\/pages"}],"about":[{"href":"https:\/\/zsjawornik.pl\/index.php\/wp-json\/wp\/v2\/types\/page"}],"author":[{"embeddable":true,"href":"https:\/\/zsjawornik.pl\/index.php\/wp-json\/wp\/v2\/users\/1"}],"replies":[{"embeddable":true,"href":"https:\/\/zsjawornik.pl\/index.php\/wp-json\/wp\/v2\/comments?post=2896"}],"version-history":[{"count":4,"href":"https:\/\/zsjawornik.pl\/index.php\/wp-json\/wp\/v2\/pages\/2896\/revisions"}],"predecessor-version":[{"id":2925,"href":"https:\/\/zsjawornik.pl\/index.php\/wp-json\/wp\/v2\/pages\/2896\/revisions\/2925"}],"wp:attachment":[{"href":"https:\/\/zsjawornik.pl\/index.php\/wp-json\/wp\/v2\/media?parent=2896"}],"curies":[{"name":"wp","href":"https:\/\/api.w.org\/{rel}","templated":true}]}}