{"id":2683,"date":"2021-10-27T18:16:24","date_gmt":"2021-10-27T18:16:24","guid":{"rendered":"https:\/\/zsjawornik.pl\/?page_id=2683"},"modified":"2021-10-27T18:16:26","modified_gmt":"2021-10-27T18:16:26","slug":"dostepnosc-architektoniczna","status":"publish","type":"page","link":"https:\/\/zsjawornik.pl\/index.php\/dostepnosc-architektoniczna\/","title":{"rendered":"Dost\u0119pno\u015b\u0107 architektoniczna"},"content":{"rendered":"\n<p><strong>DOST\u0118PNO\u015a\u0106 ARCHITEKTONICZNA<\/strong><\/p>\n\n\n\n<ul class=\"wp-block-list\"><li>Do budynku szko\u0142y prowadzi g\u0142\u00f3wne wej\u015bcie.<\/li><li>Przed budynkiem jest jeden podjazd dla os\u00f3b niepe\u0142nosprawnych.<\/li><li>Budynek jest 3 kondygnacyjny.<\/li><li>W budynku nie ma windy.<\/li><li>Przy wej\u015bciu wewn\u0105trz budynku znajduje si\u0119 urz\u0105dzenie dla os\u00f3b niepe\u0142nosprawnych &#8211;&nbsp; \u201epodno\u015bnik schodowy\u201d.<\/li><li>Dla os\u00f3b na w\u00f3zkach dost\u0119pne s\u0105 korytarze, pomieszczenia i sala lekcyjna na parterze.<\/li><li>Nad wej\u015bciem nie ma g\u0142o\u015bnik\u00f3w systemu naprowadzaj\u0105cego d\u017awi\u0119kowo osoby niewidome i s\u0142abowidz\u0105ce.<\/li><li>Budynek posiada parking, na kt\u00f3rym znajduje si\u0119 specjalne miejsce parkingowe dla os\u00f3b niepe\u0142nosprawnych.<\/li><li>Budynek jest otwarty dla os\u00f3b korzystaj\u0105cych z pomocy psa asystuj\u0105cego.<\/li><li>W budynku nie ma p\u0119tli indukcyjnych.<\/li><li>W budynku jest mo\u017cliwo\u015b\u0107 skorzystania z us\u0142ug t\u0142umacza migowego na miejscu lub online.<\/li><\/ul>\n","protected":false},"excerpt":{"rendered":"<p>DOST\u0118PNO\u015a\u0106 ARCHITEKTONICZNA Do budynku szko\u0142y prowadzi g\u0142\u00f3wne wej\u015bcie. Przed budynkiem jest jeden podjazd dla os\u00f3b niepe\u0142nosprawnych. Budynek jest 3 kondygnacyjny. W budynku nie ma windy. Przy wej\u015bciu wewn\u0105trz budynku znajduje si\u0119 urz\u0105dzenie dla os\u00f3b niepe\u0142nosprawnych &#8211;&nbsp; \u201epodno\u015bnik schodowy\u201d. Dla os\u00f3b na w\u00f3zkach dost\u0119pne s\u0105 korytarze, pomieszczenia i sala lekcyjna na parterze. Nad wej\u015bciem nie ma [&hellip;]<\/p>\n","protected":false},"author":1,"featured_media":0,"parent":0,"menu_order":0,"comment_status":"closed","ping_status":"closed","template":"","meta":{"ngg_post_thumbnail":0,"footnotes":""},"class_list":["post-2683","page","type-page","status-publish","hentry","clearfix"],"_links":{"self":[{"href":"https:\/\/zsjawornik.pl\/index.php\/wp-json\/wp\/v2\/pages\/2683","targetHints":{"allow":["GET"]}}],"collection":[{"href":"https:\/\/zsjawornik.pl\/index.php\/wp-json\/wp\/v2\/pages"}],"about":[{"href":"https:\/\/zsjawornik.pl\/index.php\/wp-json\/wp\/v2\/types\/page"}],"author":[{"embeddable":true,"href":"https:\/\/zsjawornik.pl\/index.php\/wp-json\/wp\/v2\/users\/1"}],"replies":[{"embeddable":true,"href":"https:\/\/zsjawornik.pl\/index.php\/wp-json\/wp\/v2\/comments?post=2683"}],"version-history":[{"count":1,"href":"https:\/\/zsjawornik.pl\/index.php\/wp-json\/wp\/v2\/pages\/2683\/revisions"}],"predecessor-version":[{"id":2684,"href":"https:\/\/zsjawornik.pl\/index.php\/wp-json\/wp\/v2\/pages\/2683\/revisions\/2684"}],"wp:attachment":[{"href":"https:\/\/zsjawornik.pl\/index.php\/wp-json\/wp\/v2\/media?parent=2683"}],"curies":[{"name":"wp","href":"https:\/\/api.w.org\/{rel}","templated":true}]}}