{"id":2357,"date":"2021-03-14T09:38:47","date_gmt":"2021-03-14T09:38:47","guid":{"rendered":"http:\/\/zsjawornik.pl\/?page_id=2357"},"modified":"2025-10-28T11:08:23","modified_gmt":"2025-10-28T11:08:23","slug":"dowoz-uczniow","status":"publish","type":"page","link":"https:\/\/zsjawornik.pl\/index.php\/dowoz-uczniow\/","title":{"rendered":"DOW\u00d3Z UCZNI\u00d3W 2025\/2026"},"content":{"rendered":"\n<p><strong><u>2025\/2026<\/u><\/strong><\/p>\n\n\n\n<p><strong><u>PRZYWOZY<\/u><\/strong><\/p>\n\n\n\n<p>6:50 \u2013 dla uczni\u00f3w ucz\u0119szczaj\u0105cych na dodatkowe zaj\u0119cia z Edukacji<br>&nbsp;&nbsp;&nbsp;&nbsp;&nbsp;&nbsp;&nbsp;&nbsp;&nbsp;&nbsp;&nbsp; Zdrowotnej (\u015broda i czwartek)<\/p>\n\n\n\n<p>7:10 &#8211;&nbsp;&nbsp;&nbsp;&nbsp;&nbsp; I kurs Hadle Ka\u0144czuckie&nbsp; (Jamrozy)<br>7: 15 &#8211;&nbsp;&nbsp;&nbsp;&nbsp;&nbsp;&nbsp; Hadle&nbsp; Szklarskie (Dworek)&nbsp;<br>7:25 &#8211; &nbsp;&nbsp;&nbsp;&nbsp;&nbsp;&nbsp; Widacz\u00f3w (droga na Hucisko Jaw.) , Rola<br>7:40 &#8211;&nbsp;&nbsp;&nbsp;&nbsp;&nbsp;&nbsp; Bazary<\/p>\n\n\n\n<p><strong><u>ODWOZY<\/u><\/strong><\/p>\n\n\n\n<p><strong><u>(poniedzia\u0142ek)<\/u><\/strong><\/p>\n\n\n\n<p>12:40&nbsp;&nbsp;&nbsp;&nbsp;&nbsp;&nbsp;&nbsp; &#8211; Stacja, Bazary<br>12:50&nbsp;&nbsp;&nbsp;&nbsp;&nbsp;&nbsp;&nbsp;&nbsp; &#8211; I Hadle Szklarskie i Ka\u0144czuckie<br>13:35&nbsp;&nbsp;&nbsp;&nbsp;&nbsp;&nbsp;&nbsp; &#8211; II kurs Hadle Szklarskie i Ka\u0144czuckie<br>14:25&nbsp;&nbsp;&nbsp;&nbsp;&nbsp;&nbsp;&nbsp; &#8211; Stacja, Bazary<br>14:30&nbsp;&nbsp;&nbsp;&nbsp;&nbsp;&nbsp;&nbsp; &#8211; III kurs Hadle Szklarskie i Ka\u0144czuckie<\/p>\n\n\n\n<p><strong><u>(wtorek )<\/u><\/strong><\/p>\n\n\n\n<p>12:40&nbsp;&nbsp;&nbsp;&nbsp;&nbsp;&nbsp;&nbsp; &#8211; Stacja, Bazary<br>12:50&nbsp;&nbsp;&nbsp;&nbsp;&nbsp;&nbsp;&nbsp; &#8211; I kurs Hadle Szklarskie i Ka\u0144czuckie<br>13:35&nbsp;&nbsp;&nbsp;&nbsp;&nbsp;&nbsp;&nbsp; &#8211; II kurs Hadle Szklarskie i Ka\u0144czuckie<br>14:25&nbsp;&nbsp;&nbsp;&nbsp;&nbsp;&nbsp;&nbsp; &#8211; Stacja, Bazary,<br>14:30&nbsp;&nbsp;&nbsp;&nbsp;&nbsp;&nbsp;&nbsp;&nbsp; &#8211; III Hadle Szklarskie i Ka\u0144czuckie<\/p>\n\n\n\n<p>&nbsp;&nbsp;&nbsp;&nbsp;&nbsp;&nbsp;&nbsp;&nbsp;&nbsp;&nbsp;&nbsp;&nbsp;&nbsp;&nbsp;&nbsp;&nbsp;&nbsp;&nbsp;&nbsp;&nbsp;&nbsp;&nbsp;&nbsp;&nbsp;&nbsp;&nbsp;&nbsp;&nbsp;&nbsp;&nbsp;&nbsp;&nbsp;&nbsp;&nbsp;&nbsp;&nbsp;&nbsp;&nbsp;&nbsp;&nbsp;&nbsp;&nbsp;&nbsp;&nbsp;&nbsp;&nbsp;&nbsp;&nbsp;&nbsp;&nbsp; <strong>(<u>\u015broda)<\/u><\/strong><\/p>\n\n\n\n<p>12:40&nbsp;&nbsp;&nbsp;&nbsp;&nbsp;&nbsp;&nbsp; &#8211; Stacja, Bazary<br>12:50&nbsp;&nbsp;&nbsp;&nbsp;&nbsp;&nbsp;&nbsp;&nbsp; &#8211; I kurs Hadle Szklarskie i Ka\u0144czuckie<br>13:35&nbsp;&nbsp;&nbsp;&nbsp;&nbsp;&nbsp;&nbsp; &#8211; II kurs Hadle Szklarskie i Ka\u0144czuckie<br>14:25&nbsp;&nbsp;&nbsp;&nbsp;&nbsp;&nbsp;&nbsp; &#8211; Stacja, Bazary<br>14:30&nbsp;&nbsp;&nbsp;&nbsp;&nbsp;&nbsp;&nbsp; &#8211; III kurs Hadle Szklarskie i Ka\u0144czuckie<\/p>\n\n\n\n<p>&nbsp;&nbsp;&nbsp;&nbsp;&nbsp;&nbsp;&nbsp;&nbsp;&nbsp;&nbsp;&nbsp;&nbsp;&nbsp;&nbsp;&nbsp;&nbsp;&nbsp;&nbsp;&nbsp;&nbsp;&nbsp;&nbsp;&nbsp;&nbsp;&nbsp;&nbsp;&nbsp;&nbsp;&nbsp;&nbsp;&nbsp;&nbsp;&nbsp;&nbsp;&nbsp;&nbsp;&nbsp;&nbsp;&nbsp;&nbsp;&nbsp; <strong><u>(czwartek)<\/u><\/strong><\/p>\n\n\n\n<p>12:40&nbsp;&nbsp;&nbsp;&nbsp;&nbsp;&nbsp;&nbsp; &#8211; Stacja, Bazary<br>12:50&nbsp;&nbsp;&nbsp;&nbsp;&nbsp;&nbsp;&nbsp; &#8211; I kurs Hadle Szklarskie i Ka\u0144czuckie<br>13:35&nbsp;&nbsp;&nbsp;&nbsp;&nbsp;&nbsp;&nbsp; &#8211; II kurs Hadle Szklarskie i Ka\u0144czuckie, Bazary<\/p>\n\n\n\n<p>&nbsp;&nbsp;&nbsp;&nbsp;&nbsp;&nbsp;&nbsp;&nbsp;&nbsp;&nbsp;&nbsp;&nbsp;&nbsp;&nbsp;&nbsp;&nbsp;&nbsp;&nbsp;&nbsp;&nbsp;&nbsp;&nbsp;&nbsp;&nbsp;&nbsp;&nbsp;&nbsp;&nbsp;&nbsp;&nbsp;&nbsp;&nbsp;&nbsp; &nbsp;&nbsp;&nbsp;&nbsp;&nbsp; <strong><u>(pi\u0105tek)<\/u><\/strong><\/p>\n\n\n\n<p>12:50&nbsp;&nbsp;&nbsp;&nbsp;&nbsp;&nbsp;&nbsp;&nbsp; &#8211; I Hadle Szklarskie i Ka\u0144czuckie<br>13:35&nbsp;&nbsp;&nbsp;&nbsp;&nbsp;&nbsp;&nbsp; &#8211; II kurs Hadle Szklarskie i Ka\u0144czuckie<br>14:25&nbsp;&nbsp;&nbsp;&nbsp;&nbsp;&nbsp;&nbsp; &#8211; Stacja, Bazary<br>14:30&nbsp;&nbsp;&nbsp;&nbsp;&nbsp;&nbsp;&nbsp; &#8211; III kurs Hadle Szklarskie i Ka\u0144czuckie<\/p>\n\n\n\n<p><strong><u>Oddzia\u0142y Mistrzostwa Sportowego (dodatkowe)<br><\/u><\/strong>Poniedzia\u0142ek&nbsp;&nbsp;&nbsp;&nbsp;&nbsp;&nbsp;&nbsp;&nbsp;&nbsp; 16:10 (Stacja Bazary, Hadle Szklarskie i Ka\u0144czuckie)<\/p>\n\n\n\n<p>Wtorek&nbsp;&nbsp;&nbsp;&nbsp;&nbsp;&nbsp;&nbsp;&nbsp;&nbsp;&nbsp;&nbsp;&nbsp;&nbsp;&nbsp;&nbsp;&nbsp;&nbsp; 16:10&nbsp; (Stacja Bazary, Hadle Szklarskie i Ka\u0144czuckie)<\/p>\n\n\n\n<p>\u015aroda&nbsp;&nbsp;&nbsp;&nbsp;&nbsp;&nbsp;&nbsp;&nbsp;&nbsp;&nbsp;&nbsp;&nbsp;&nbsp;&nbsp;&nbsp;&nbsp;&nbsp;&nbsp;&nbsp; 16:10&nbsp; , 17:05 (Stacja Bazary, Hadle Szklarskie i Ka\u0144czuckie)<br>Czwartek&nbsp;&nbsp;&nbsp;&nbsp;&nbsp;&nbsp;&nbsp;&nbsp;&nbsp;&nbsp;&nbsp;&nbsp;&nbsp;&nbsp; 15:20, 16:10 (Stacja Bazary, Hadle Szklarskie i Ka\u0144czuckie)<br>Pi\u0105tek&nbsp;&nbsp;&nbsp;&nbsp;&nbsp;&nbsp;&nbsp;&nbsp;&nbsp;&nbsp;&nbsp;&nbsp;&nbsp;&nbsp;&nbsp;&nbsp;&nbsp;&nbsp;&nbsp; 16:10 (Stacja Bazary, Hadle Szklarskie i Ka\u0144czuckie)<br>&nbsp;&nbsp;&nbsp;&nbsp;&nbsp;&nbsp;&nbsp;&nbsp;&nbsp;&nbsp;&nbsp;&nbsp;&nbsp;&nbsp;&nbsp;&nbsp;&nbsp;&nbsp;&nbsp;&nbsp;&nbsp;&nbsp;&nbsp;&nbsp;&nbsp;&nbsp;&nbsp;&nbsp;&nbsp;<\/p>\n","protected":false},"excerpt":{"rendered":"<p>2025\/2026 PRZYWOZY 6:50 \u2013 dla uczni\u00f3w ucz\u0119szczaj\u0105cych na dodatkowe zaj\u0119cia z Edukacji&nbsp;&nbsp;&nbsp;&nbsp;&nbsp;&nbsp;&nbsp;&nbsp;&nbsp;&nbsp;&nbsp; Zdrowotnej (\u015broda i czwartek) 7:10 &#8211;&nbsp;&nbsp;&nbsp;&nbsp;&nbsp; I kurs Hadle Ka\u0144czuckie&nbsp; (Jamrozy)7: 15 &#8211;&nbsp;&nbsp;&nbsp;&nbsp;&nbsp;&nbsp; Hadle&nbsp; Szklarskie (Dworek)&nbsp;7:25 &#8211; &nbsp;&nbsp;&nbsp;&nbsp;&nbsp;&nbsp; Widacz\u00f3w (droga na Hucisko Jaw.) , Rola7:40 &#8211;&nbsp;&nbsp;&nbsp;&nbsp;&nbsp;&nbsp; Bazary ODWOZY (poniedzia\u0142ek) 12:40&nbsp;&nbsp;&nbsp;&nbsp;&nbsp;&nbsp;&nbsp; &#8211; Stacja, Bazary12:50&nbsp;&nbsp;&nbsp;&nbsp;&nbsp;&nbsp;&nbsp;&nbsp; &#8211; I Hadle Szklarskie i Ka\u0144czuckie13:35&nbsp;&nbsp;&nbsp;&nbsp;&nbsp;&nbsp;&nbsp; &#8211; II kurs Hadle [&hellip;]<\/p>\n","protected":false},"author":1,"featured_media":0,"parent":0,"menu_order":0,"comment_status":"closed","ping_status":"closed","template":"","meta":{"ngg_post_thumbnail":0,"footnotes":""},"class_list":["post-2357","page","type-page","status-publish","hentry","clearfix"],"_links":{"self":[{"href":"https:\/\/zsjawornik.pl\/index.php\/wp-json\/wp\/v2\/pages\/2357","targetHints":{"allow":["GET"]}}],"collection":[{"href":"https:\/\/zsjawornik.pl\/index.php\/wp-json\/wp\/v2\/pages"}],"about":[{"href":"https:\/\/zsjawornik.pl\/index.php\/wp-json\/wp\/v2\/types\/page"}],"author":[{"embeddable":true,"href":"https:\/\/zsjawornik.pl\/index.php\/wp-json\/wp\/v2\/users\/1"}],"replies":[{"embeddable":true,"href":"https:\/\/zsjawornik.pl\/index.php\/wp-json\/wp\/v2\/comments?post=2357"}],"version-history":[{"count":7,"href":"https:\/\/zsjawornik.pl\/index.php\/wp-json\/wp\/v2\/pages\/2357\/revisions"}],"predecessor-version":[{"id":5718,"href":"https:\/\/zsjawornik.pl\/index.php\/wp-json\/wp\/v2\/pages\/2357\/revisions\/5718"}],"wp:attachment":[{"href":"https:\/\/zsjawornik.pl\/index.php\/wp-json\/wp\/v2\/media?parent=2357"}],"curies":[{"name":"wp","href":"https:\/\/api.w.org\/{rel}","templated":true}]}}