{"id":2354,"date":"2021-03-14T09:36:51","date_gmt":"2021-03-14T09:36:51","guid":{"rendered":"http:\/\/zsjawornik.pl\/?page_id=2354"},"modified":"2025-11-03T06:20:40","modified_gmt":"2025-11-03T06:20:40","slug":"biblioteka","status":"publish","type":"page","link":"https:\/\/zsjawornik.pl\/index.php\/biblioteka\/","title":{"rendered":"BIBLIOTEKA"},"content":{"rendered":"\n<p style=\"font-size:25px\"><strong>Godziny pracy biblioteki szkolnej w Szkole Podstawowej im. Jana Paw\u0142a II w Jaworniku Polskim w roku szkolnym 2025\/2026<\/strong><\/p>\n\n\n\n<p style=\"font-size:25px\"><strong>Poniedzia\u0142ek<\/strong> &#8212;-<\/p>\n\n\n\n<p style=\"font-size:25px\"><strong>Wtorek<\/strong> 9:40 &#8211; 10:40<\/p>\n\n\n\n<p style=\"font-size:25px\">11:30 &#8211; 13:45<\/p>\n\n\n\n<p style=\"font-size:25px\"><strong>\u015aroda<\/strong> 9:40 &#8211; 10:40<\/p>\n\n\n\n<p style=\"font-size:25px\"><strong>Czwartek<\/strong> 8:00 &#8211; 9:45<\/p>\n\n\n\n<p style=\"font-size:25px\"><strong>Pi\u0105tek<\/strong> 07:45 \u2013 08:45<\/p>\n\n\n\n<p><\/p>\n\n\n\n<p><\/p>\n","protected":false},"excerpt":{"rendered":"<p>Godziny pracy biblioteki szkolnej w Szkole Podstawowej im. Jana Paw\u0142a II w Jaworniku Polskim w roku szkolnym 2025\/2026 Poniedzia\u0142ek &#8212;- Wtorek 9:40 &#8211; 10:40 11:30 &#8211; 13:45 \u015aroda 9:40 &#8211; 10:40 Czwartek 8:00 &#8211; 9:45 Pi\u0105tek 07:45 \u2013 08:45<\/p>\n","protected":false},"author":1,"featured_media":0,"parent":0,"menu_order":0,"comment_status":"closed","ping_status":"closed","template":"","meta":{"ngg_post_thumbnail":0,"footnotes":""},"class_list":["post-2354","page","type-page","status-publish","hentry","clearfix"],"_links":{"self":[{"href":"https:\/\/zsjawornik.pl\/index.php\/wp-json\/wp\/v2\/pages\/2354","targetHints":{"allow":["GET"]}}],"collection":[{"href":"https:\/\/zsjawornik.pl\/index.php\/wp-json\/wp\/v2\/pages"}],"about":[{"href":"https:\/\/zsjawornik.pl\/index.php\/wp-json\/wp\/v2\/types\/page"}],"author":[{"embeddable":true,"href":"https:\/\/zsjawornik.pl\/index.php\/wp-json\/wp\/v2\/users\/1"}],"replies":[{"embeddable":true,"href":"https:\/\/zsjawornik.pl\/index.php\/wp-json\/wp\/v2\/comments?post=2354"}],"version-history":[{"count":6,"href":"https:\/\/zsjawornik.pl\/index.php\/wp-json\/wp\/v2\/pages\/2354\/revisions"}],"predecessor-version":[{"id":5790,"href":"https:\/\/zsjawornik.pl\/index.php\/wp-json\/wp\/v2\/pages\/2354\/revisions\/5790"}],"wp:attachment":[{"href":"https:\/\/zsjawornik.pl\/index.php\/wp-json\/wp\/v2\/media?parent=2354"}],"curies":[{"name":"wp","href":"https:\/\/api.w.org\/{rel}","templated":true}]}}