{"id":2190,"date":"2021-02-19T09:55:35","date_gmt":"2021-02-19T09:55:35","guid":{"rendered":"http:\/\/zsjawornik.pl\/?page_id=2190"},"modified":"2021-02-19T09:55:37","modified_gmt":"2021-02-19T09:55:37","slug":"patron-szkoly","status":"publish","type":"page","link":"https:\/\/zsjawornik.pl\/index.php\/patron-szkoly\/","title":{"rendered":"Patron Szko\u0142y"},"content":{"rendered":"\n<p><strong><em>\u201eCz\u0142owiek jest wielki nie przez to, co posiada, lecz przez to, kim jest;<br>nie przez to, co ma, lecz przez to, czym dzieli si\u0119 z innymi\u201d<\/em><\/strong><\/p>\n\n\n\n<p>\u00a0\u00a0\u00a0\u00a0\u00a0\u00a0\u00a0\u00a0\u00a0\u00a0\u00a0\u00a0\u00a0\u00a0\u00a0\u00a0\u00a0\u00a0\u00a0\u00a0\u00a0\u00a0\u00a0\u00a0\u00a0\u00a0\u00a0\u00a0\u00a0\u00a0\u00a0\u00a0\u00a0\u00a0\u00a0\u00a0\u00a0\u00a0\u00a0\u00a0\u00a0\u00a0\u00a0\u00a0\u00a0\u00a0\u00a0\u00a0\u00a0\u00a0\u00a0\u00a0\u00a0\u00a0\u00a0\u00a0 Jan Pawe\u0142 II (Karol Wojty\u0142a) (1920 \u2013 2005)<\/p>\n\n\n\n<p><strong>\u017bYCIORYS<\/strong><\/p>\n\n\n\n<p>Karol Wojty\u0142a urodzi\u0142 si\u0119 w Wadowicach 18 maja 1920 roku, miejscu tak odleg\u0142ym od Rzymu, \u017ce nikt nie m\u00f3g\u0142by si\u0119 spodziewa\u0107 jego p\u00f3\u017aniejszego wyniesienia do godno\u015bci \u201ebiskupa Rzymu\u201d, tym bardziej, \u017ce od 1523r. na papie\u017ca wybierani byli wy\u0142\u0105cznie W\u0142osi co wydawa\u0142o si\u0119 tradycj\u0105 niemo\u017cliw\u0105 do prze\u0142amania.&nbsp;&nbsp;&nbsp;&nbsp;&nbsp;&nbsp;&nbsp;&nbsp;<br>Pierwsze lata \u017cycia sp\u0119dzi\u0142 w skromnej kamienicy przy ulicy Ko\u015bcielnej 7. Podczas chrztu nadano mu imiona Karol J\u00f3zef. Pochodzi\u0142 ze skromnej rodziny. Jego ojciec r\u00f3wnie\u017c Karol by\u0142 ni\u017cszym oficerem piechoty pracuj\u0105cym w Rejonowej Komendzie Uzupe\u0142nie\u0144. \u017bycie nie szcz\u0119dzi\u0142o ma\u0142emu Karolowi smutnych do\u015bwiadcze\u0144. Kiedy mia\u0142 zaledwie dziesi\u0119\u0107 lat osieroci\u0142a go matka, a trzy lata p\u00f3\u017aniej zmar\u0142 starszy brat. Mimo tych tragicznych do\u015bwiadcze\u0144 Karol Wojty\u0142a uzyskiwa\u0142 znakomite oceny w wadowickim gimnazjum. Ale nauka nie by\u0142a jego jedyn\u0105 pasj\u0105. Wyr\u00f3\u017cnia\u0142 si\u0119 te\u017c jako re\u017cyser i aktor gimnazjalnego i parafialnego teatrzyku.<br>Karol Wojty\u0142a pochodzi\u0142 z rodziny bardzo religijnej i od dzieci\u0144stwa s\u0142u\u017cy\u0142 jako ministrant do mszy \u015bwi\u0119tej, ale powo\u0142anie do stanu kap\u0142a\u0144skiego dojrzewa\u0142o w nim powoli. Pocz\u0105tkowo my\u015bla\u0142 o innej karierze. Zainteresowany literatur\u0105 i teatrem pisa\u0142 wiersze, kt\u00f3re nawet drukowano w prasie katolickiej.&nbsp;&nbsp;<br>Szko\u0142\u0119 podstawow\u0105 Karol Wojty\u0142a uko\u0144czy\u0142 w 1929 roku, a w 1938r. \u015bredni\u0105 i przeni\u00f3s\u0142 si\u0119 do Krakowa. Rozpocz\u0105\u0142 studia polonistyczne na Uniwersytecie Jagiello\u0144skim.&nbsp;&nbsp;<br>Po wybuchu wojny przerwa\u0142 studia, a w latach 1940 \u2013 1941 pracowa\u0142 fizycznie \u2013<br>w kamienio\u0142omie i zak\u0142adach chemicznych. Jesieni\u0105 1942 roku Wojty\u0142a wst\u0105pi\u0142 do Krakowskiego Seminarium Duchownego. 1 listopada 1946r. otrzymuje \u015bwi\u0119cenia kap\u0142a\u0144skie<br>z r\u0105k arcybiskupa Adama Sapiechy, jako jeden z trzech \u201ekleryk\u00f3w wojennych\u201d. W nast\u0119pnych latach wyje\u017cd\u017ca do Rzymu na studia teologiczne, a w 1948r. rozpoczyna prac\u0119 kap\u0142a\u0144sk\u0105<br>w parafii Niegowi\u0107 ko\u0142o Bochni. Studiuje r\u00f3wnolegle na Wydziale Teologicznym Uniwersytetu Jagiello\u0144skiego i uzyskuje doktorat z teologii moralnej. Po studiach rzymskich prowadzi\u0142 jednocze\u015bnie prac\u0119 naukow\u0105 i duszpastersk\u0105, obroni\u0142 prac\u0119 doktorsk\u0105 na Uniwersytecie Jagiello\u0144skim i by\u0142 wikarym w parafii Niegowi\u0107 a nast\u0119pnie \u015bw. Floriana w Krakowie. Nadal pracowa\u0142 naukowo habilituj\u0105c si\u0119 w roku 1953 a od roku 1954 prowadz\u0105c wyk\u0142ady na katolickim Uniwersytecie Lubelskim. Ale nie zaprzestawa\u0142 te\u017c pracy literackiej, kt\u00f3rej owocem by\u0142a znana dzisiaj sztuka o bracie Albercie \u201eBrat naszego Boga\u201d oraz \u201ePrzed sklepem jubilera\u201d (wed\u0142ug niej K. Zanussi nakr\u0119ci\u0142 film). W roku 1958 zosta\u0142 mianowany biskupem o czym dowiedzia\u0142 si\u0119 podczas w\u0119dr\u00f3wki ze studentami po g\u00f3rach. W 1964r. by\u0142 ju\u017c arcybiskupem metropolit\u0105 krakowskim a ju\u017c trzy lata p\u00f3\u017aniej otrzyma\u0142 od papie\u017ca Paw\u0142a VI kapelusz kardynalski. Od tej pory by\u0142 jednym z kandydat\u00f3w do jej obj\u0119cia w razie \u015bmierci papie\u017ca. Przez te wszystkie lata \u017cywo uczestniczy\u0142 w duszpasterskim ruchu akademickim cz\u0119sto wyrusza\u0142<br>z grup\u0105 student\u00f3w w g\u00f3ry na w\u0119dr\u00f3wki lub na narty a latem p\u0142ywali kajakami po mazurskich jeziorach.<br>W latach 1962 \u2013 1965 odbywa\u0142 si\u0119 Sob\u00f3r Watyka\u0144ski II, kt\u00f3ry mia\u0142 odmieni\u0107 radykalnie oblicze Ko\u015bcio\u0142a i przybli\u017cy\u0107 go do wiernych. Karol Wojty\u0142a by\u0142 jednym z najaktywniejszych ojc\u00f3w soboru.&nbsp;&nbsp;&nbsp;&nbsp;&nbsp;&nbsp;&nbsp;&nbsp;&nbsp;<br>28 wrze\u015bnia 1978 roku po zaledwie miesi\u0119cznym sprawowaniu godno\u015bci zmar\u0142 papie\u017c Jan Pawe\u0142 I. Kolegium Kardyna\u0142\u00f3w zebra\u0142o si\u0119 na konklawe dla dokonania nowego wyboru. Ju\u017c trzeciego dnia obrad z komina nad Kaplic\u0105 Syksty\u0144sk\u0105 zacz\u0105\u0142 unosi\u0107 si\u0119 bia\u0142y dym \u2013 znak \u017ce wyb\u00f3r zosta\u0142 dokonany. Kiedy uroczy\u015bcie og\u0142oszono nazwisko nominata zebrany u st\u00f3p Bazyliki \u015bw. Piotra t\u0142um najpierw oniemia\u0142 z zaskoczenia a p\u00f3\u017aniej wybuchem rado\u015bci powita\u0142 papie\u017ca Karola Wojty\u0142\u0119, kt\u00f3ry przyj\u0105\u0142 imi\u0119 Jana Paw\u0142a II.&nbsp;&nbsp;&nbsp;&nbsp;<br>2 kwietnia 2005 roku o godzinie 21:37 Jan Pawe\u0142 II Papie\u017c przekroczy\u0142 pr\u00f3g \u015bmierci i zawita\u0142 w domu Ojca.<\/p>\n\n\n\n<p><strong>BEATYFIKACJA I KANONIZACJA<\/strong><\/p>\n\n\n\n<p>Karol Wojty\u0142a by\u0142 cz\u0142owiekiem niezwyk\u0142ym. Patrz\u0105c na jego \u017cyciorys nietrudno zauwa\u017cy\u0107, \u017ce od najwcze\u015bniejszych lat by\u0142 przygotowany przez Boga do wype\u0142nienia szczeg\u00f3lnej misji.<br>13 maja 2005 roku papie\u017c Benedykt XVI zezwoli\u0142 na natychmiastowe rozpocz\u0119cie procesu beatyfikacyjnego Jana Paw\u0142a II, udzielaj\u0105c dyspensy od konieczno\u015bci zachowania pi\u0119cioletniego okresu od \u015bmierci kandydata, jaki jest wymagany przez prawo kanoniczne. Formalny proces rozpocz\u0105\u0142 si\u0119 28 czerwca 2005. Od 23 marca 2007 roku trybuna\u0142 diecezjalny badaj\u0105cy tajemnic\u0119 uzdrowienia jednej z francuskich zakonnic Marie Simon-Pierre za wstawiennictwem Papie\u017ca Polaka potwierdzi\u0142 fakt zaistnienia cudu. 2 kwietnia 2007 roku mia\u0142o oficjalne miejsce zamkni\u0119cie diecezjalnej fazy procesu beatyfikacyjnego w Bazylice \u015bw. Jana na Lateranie w obecno\u015bci wikariusza generalnego Rzymu kardyna\u0142a Camillo Ruiniego. 19 grudnia 2009 roku papie\u017c Benedykt XVI podpisa\u0142 dekret o uznaniu heroiczno\u015bci cn\u00f3t Jana Paw\u0142a II, kt\u00f3ry zamkn\u0105\u0142 zasadnicz\u0105 cz\u0119\u015b\u0107 jego procesu beatyfikacyjnego.<\/p>\n\n\n\n<p><strong><em>Dekret Beatyfikacyjny<br>Jana Paw\u0142a II<\/em><\/strong><\/p>\n\n\n\n<p><em>Spe\u0142niaj\u0105c pragnienia naszego brata Agostino<br>kardyna\u0142a Vailiniego, naszego wikariusza<br>generalnego dla diecezji Rzymu, wielu innych<br>braci w episkopacie oraz licznych wiernych,<br>po zasi\u0119gni\u0119ciu opinii kongregacji Spraw<br>Kanonizacyjnych nasz\u0105 w\u0142adz\u0105 apostolsk\u0105<br>zgadzamy si\u0119, aby Czcigodny S\u0142uga Bo\u017cy<br>Jan Pawe\u0142 II, Papie\u017c, od tej chwili nazywany by\u0142<br>b\u0142ogos\u0142awionym, a jego \u015bwi\u0119to obchodzone mog\u0142o<br>by\u0107 w miejscach i zgodnie z regu\u0142ami ustalonymi<br>przez prawo 22 pa\u017adziernika ka\u017cdego roku.<br>W imi\u0119 Ojca i Syna i Ducha \u015awi\u0119tego.<\/em><\/p>\n\n\n\n<p><em>Watykan, 1 maja A.D. 2011&nbsp;&nbsp;&nbsp;&nbsp;&nbsp;&nbsp;&nbsp;&nbsp;&nbsp;&nbsp;&nbsp;&nbsp;&nbsp; Benedykt XVI<\/em><\/p>\n\n\n\n<p>12 stycznia 2011 roku komisja Kongregacji Spraw Kanonizacyjnych zaaprobowa\u0142a cud za wstawiennictwem Jana Paw\u0142a II polegaj\u0105cy na uzdrowieniu francuskiej zakonnicy. 14 stycznia 2011 papie\u017c Benedykt XVI podpisa\u0142 dekret o cudzie i wyznaczy\u0142 na dzie\u0144 1 maja 2011 roku beatyfikacj\u0119 papie\u017ca Jana Paw\u0142a II. Dokona\u0142 jej osobi\u015bcie podczas uroczystej Mszy \u015awi\u0119tej na placu \u015bw. Piotra w Rzymie, kt\u00f3r\u0105 koncelebrowa\u0142o kilka tysi\u0119cy kardyna\u0142\u00f3w, arcybiskup\u00f3w<br>i biskup\u00f3w z ca\u0142ego \u015bwiata.&nbsp;&nbsp;<br>W dniu 30 wrze\u015bnia 2013 roku papie\u017c Franciszek og\u0142osi\u0142, \u017ce kanonizacja papie\u017ca Polaka odb\u0119dzie si\u0119 w niedziel\u0119 Bo\u017cego Mi\u0142osierdzia 27 kwietnia 2014 roku w Rzymie. Do chwa\u0142y \u015bwi\u0119tych Jan Pawe\u0142 II zosta\u0142 wyniesiony razem z jednym ze swoich poprzednik\u00f3w, b\u0142. Janem XXIII.<\/p>\n\n\n\n<p><strong>PIELGRZYMKI<\/strong><\/p>\n\n\n\n<p>Papie\u017c odwiedzi\u0142 ojczyzn\u0119 dziewi\u0119\u0107 razy. Podczas pierwszej pielgrzymki do Polski w dniach 2-10 czerwca 1979r. papie\u017c odwiedzi\u0142 Warszaw\u0119, Gniezno, Cz\u0119stochow\u0119, Kalwari\u0119 Zebrzydowsk\u0105, Wadowice, Krak\u00f3w i by\u0142y niemiecki ob\u00f3z koncentracyjny Auschwitz. Wizyta mia\u0142a du\u017ce znaczenie nie tylko dla wolno\u015bci Ko\u015bcio\u0142a w Polsce, lecz tak\u017ce po\u015brednio przyczyni\u0142a si\u0119 do&nbsp; odzyskania przez Polsk\u0119 pe\u0142nych swob\u00f3d demokratycznych. Zdaniem wielu analityk\u00f3w to, co papie\u017c m\u00f3wi\u0142 podczas tej wizyty, przyczyni\u0142o si\u0119 do powstania w nast\u0119pnym roku \u201eSolidarno\u015bci\u201d.&nbsp;&nbsp;<br>Drug\u0105 podr\u00f3\u017c do ojczyzny, papie\u017c Jan Pawe\u0142 II odby\u0142 p\u00f3\u0142tora roku po wprowadzeniu stanu wojennego w dniach 16-23 czerwca 1983r. Odwiedzi\u0142 w\u00f3wczas Warszaw\u0119, Niepokalan\u00f3w, Cz\u0119stochow\u0119, Pozna\u0144, Katowice, Wroc\u0142aw i Krak\u00f3w. By\u0142a to trudna pielgrzymka ze wzgl\u0119du na z\u0142\u0105 sytuacj\u0119 spo\u0142eczno-polityczn\u0105 w Polsce. W Belwederze Jan Pawe\u0142 II i prymas Polski J\u00f3zef Glemp spotkali si\u0119 z przedstawicielami najwy\u017cszych w\u0142adz pa\u0144stwowych \u2013 I sekretarzem KC PZPR gen. Wojciechem Jaruzelskim i przewodnicz\u0105cym Rady Pa\u0144stwa Henrykiem Jab\u0142o\u0144skim. Podczas kr\u00f3tkiego odpoczynku w Dolinie Chocho\u0142owskiej Ojciec \u015awi\u0119ty spotka\u0142 si\u0119 z Lechem Wa\u0142\u0119s\u0105.&nbsp;&nbsp;&nbsp;&nbsp;&nbsp;&nbsp;&nbsp;&nbsp;<br>Trzeci raz papie\u017c przebywa\u0142 w Polsce od 8 do 14 czerwca 1987r. Wizyta by\u0142a zwi\u0105zana z II Krajowym Kongresem Eucharystycznym. Jan Pawe\u0142 II odwiedzi\u0142 w\u00f3wczas Warszaw\u0119, Lublin, b. hitlerowski ob\u00f3z zag\u0142ady&nbsp; w Majdanku, Krak\u00f3w, Szczecin, Gda\u0144sk, Gdyni\u0119, Westerplatte, Cz\u0119stochow\u0119 i \u0141\u00f3d\u017a. Podczas tej wizyty papie\u017c po raz pierwszy spotka\u0142 si\u0119 z przedstawicielami Zwi\u0105zku Religijnego Wyznania Moj\u017ceszowego w Polsce.&nbsp;&nbsp;&nbsp;&nbsp;&nbsp;&nbsp;<br>Podczas czwartej podr\u00f3\u017cy Jana Paw\u0142a II do Polski w dniach 1-9 czerwca 1991r. papie\u017c odwiedzi\u0142 Koszalin, Rzesz\u00f3w, Przemy\u015bl, Lubacz\u00f3w, Kielce, Radom, \u0141om\u017c\u0119, Olsztyn, W\u0142oc\u0142awek, P\u0142ock i Warszaw\u0119.&nbsp;&nbsp;&nbsp;&nbsp;&nbsp;&nbsp;&nbsp;&nbsp;&nbsp;<br>Kolejna, pi\u0105ta podr\u00f3\u017c Ojca \u015awi\u0119tego odby\u0142a si\u0119 w dniach 13-15 sierpnia 1991 roku<br>i obejmowa\u0142a Krak\u00f3w, Cz\u0119stochow\u0119 oraz Wadowice. Jan Pawe\u0142 II wzi\u0105\u0142 udzia\u0142<br>w uroczysto\u015bciach zako\u0144czenia VI \u015awiatowego Dnia M\u0142odzie\u017cy. \u201eM\u0142odzie\u017c jest nadziej\u0105 \u015bwiata i nadziej\u0105 Ko\u015bcio\u0142a\u201d \u2013 m\u00f3wi\u0142 Jan Pawe\u0142 II w homilii skierowanej do m\u0142odzie\u017cy.<br>We mszy \u015bw. na Wzg\u00f3rzu Jasnog\u00f3rskim uczestniczyli prezydent Lech Wa\u0142\u0119sa i premier Jan Krzysztof Bielecki.&nbsp;&nbsp;&nbsp;&nbsp;&nbsp;&nbsp;&nbsp;&nbsp;&nbsp;&nbsp;&nbsp;<br>Po raz sz\u00f3sty, z jednodniow\u0105 wizyt\u0105 w Polsce, Jan Pawe\u0142 II przebywa\u0142 22 maja 1995r. Wizyta mia\u0142a charakter bardziej prywatny. Odby\u0142a si\u0119 z okazji kanonizacji b\u0142ogos\u0142awionego Jana Sarkandra w O\u0142omu\u0144cu (Czechy). Ojciec \u015awi\u0119ty pragn\u0105\u0142 odwiedzi\u0107 miejsce urodzenia \u015bwi\u0119tego \u2013 Skocz\u00f3w. Papie\u017c spotka\u0142 si\u0119 w\u00f3wczas z prezydentem Lechem Wa\u0142\u0119s\u0105 i premierem J\u00f3zefem Oleksym.&nbsp;&nbsp;&nbsp;&nbsp;&nbsp;&nbsp;&nbsp;<br>Po raz si\u00f3dmy papie\u017c przebywa\u0142 w Polsce od 31 maja do 10 czerwca 1997r. z okazji 46. Mi\u0119dzynarodowego Kongresu Eucharystycznego we Wroc\u0142awiu. Odwiedzi\u0142 w\u00f3wczas Gniezno, Krak\u00f3w, Legnic\u0119, Gorz\u00f3w Wielkopolski, Pozna\u0144, Kalisz, Cz\u0119stochow\u0119, Zakopane, Lud\u017amierz, Dukl\u0119 i Krosno.&nbsp;&nbsp;&nbsp;&nbsp;&nbsp;<br>\u00d3sma pielgrzymka 5-17 czerwca 1999r. by\u0142a najd\u0142u\u017csza ze wszystkich podr\u00f3\u017cy Jana Paw\u0142a II do Polski. W czasie 13-dniowego pobytu odwiedzi\u0142 22 miasta i 3 wsie: Gda\u0144sk, Sopot, Pelplin, Elbl\u0105g, Liche\u0144, Bydgoszcz, Toru\u0144, E\u0142k, Wigry, Siedlce, Drohiczyn, Warszaw\u0119, Radzymin, Sandomierz, Zamo\u015b\u0107, \u0141owicz, Sosnowiec, Krak\u00f3w, Gliwice, Stary S\u0105cz, Wadowice<br>i Cz\u0119stochow\u0119 oraz wioski w Puszczy Augustowskiej: Leszczewo, Studzieniczn\u0105 i Gorczyc\u0119. W siedzibie prezydenta Ojciec \u015awi\u0119ty rozmawia\u0142 w cztery oczy z Aleksandrem Kwa\u015bniewskim. Ta podr\u00f3\u017c papieska zaowocowa\u0142a licznymi wyniesieniami na o\u0142tarze. Ojciec \u015awi\u0119ty dokona\u0142<br>w Warszawie beatyfikacji Edmunda Bojanowskiego (za\u0142o\u017cyciela Zgromadzenia Si\u00f3str Bogarodzicy Dziewicy) i Reginy Protmann (za\u0142o\u017cycielki zakonu Si\u00f3str \u015bw. Katarzyny Dziewicy i M\u0119czennicy) oraz 108 m\u0119czennik\u00f3w z czas\u00f3w II wojny \u015bwiatowej.<br>Ostatnia, dziewi\u0105ta pielgrzymka Jana Paw\u0142a II odby\u0142a si\u0119 w dniach 16-19 sierpnia 2002r. Ojciec \u015awi\u0119ty odwiedzi\u0142 Krak\u00f3w i Kalwari\u0119 Zebrzydowsk\u0105 z okazji 400-lecia konsekracji Sanktuarium Matki Bo\u017cej Bolesnej. G\u0142\u00f3wnym jej celem by\u0142a konsekracja Sanktuarium Bo\u017cego Mi\u0142osierdzia w Krakowie-\u0141agiewnikach.<\/p>\n\n\n\n<p>W ci\u0105gu 26 lat swego pos\u0142ugiwania w Ko\u015bciele papie\u017c odby\u0142 104 podr\u00f3\u017ce zagraniczne, podczas kt\u00f3rych 205 razy odwiedzi\u0142 129 kraj\u00f3w (nie licz\u0105c W\u0142och), a w nich 715 razy przebywa\u0142 w 617 miejscowo\u015bciach, wyg\u0142aszaj\u0105c \u0142\u0105cznie 2382 przem\u00f3wienia oficjalne. Najwi\u0119cej wizyt z\u0142o\u017cy\u0142<br>w Polsce \u2013 9, a nast\u0119pnie we Francji i Stanach Zjednoczonych \u2013 po 7. Podr\u00f3\u017ce te trwa\u0142y \u0142\u0105cznie 543 dni i 55 minut, czyli ponad 5,7 proc. czasu pontyfikatu, a Ojciec \u015awi\u0119ty przemierzy\u0142 w tym czasie 1162615 km.&nbsp;&nbsp;&nbsp;&nbsp;&nbsp;&nbsp;&nbsp;&nbsp;&nbsp;&nbsp;<br>Jan Pawe\u0142 II jest te\u017c absolutnym rekordzist\u0105 pod wzgl\u0119dem liczby beatyfikacji i kanonizacji oraz wyniesionych na o\u0142tarze os\u00f3b. Podczas 148 beatyfikacji og\u0142osi\u0142 1343 b\u0142ogos\u0142awionych<br>a 51 kanonizacji pod jego przewodnictwem da\u0142o Ko\u015bcio\u0142owi 482 \u015bwi\u0119tych. W tej liczbie jest prawie&nbsp; 160 b\u0142ogos\u0142awionych (podczas 19 obrz\u0119d\u00f3w) &nbsp;Polek i Polak\u00f3w oraz 11 \u015bwi\u0119tych<br>(10 kanonizacji) z naszego narodu, z tym \u017ce 5 os\u00f3b znajduje si\u0119 w obu grupach.<br>Dorobkiem tego pontyfikatu jest ogromna liczba r\u00f3\u017cnych dokument\u00f3w, m.in. 14 encyklik,<br>15 adhortacji apostolskich, 11 konstytucji apostolskich, 45 list\u00f3w apostolskich, 29 dokument\u00f3w w formie motu proprio i id\u0105ca w tysi\u0105ce liczba list\u00f3w papieskich przesy\u0142anych do r\u00f3\u017cnych odbiorc\u00f3w: Ko\u015bcio\u0142\u00f3w lokalnych, sanktuari\u00f3w, diecezji, kardyna\u0142\u00f3w, biskup\u00f3w itp. z okazji ich wa\u017cnych rocznic czy innych donios\u0142ych wydarze\u0144.&nbsp;&nbsp;&nbsp;&nbsp;&nbsp;&nbsp;<br>Oryginalnym pomys\u0142em Jana Paw\u0142a II by\u0142y jego listy otwarte do r\u00f3\u017cnych \u015brodowisk: rodzin&nbsp;<br>(2 II 1994), dzieci w Roku Rodziny (13 XII 1994), kobiet (29 VI 1995), artyst\u00f3w (4 IV 1999)<br>i os\u00f3b w podesz\u0142ym wieku (1 X 1999).<\/p>\n","protected":false},"excerpt":{"rendered":"<p>\u201eCz\u0142owiek jest wielki nie przez to, co posiada, lecz przez to, kim jest;nie przez to, co ma, lecz przez to, czym dzieli si\u0119 z innymi\u201d \u00a0\u00a0\u00a0\u00a0\u00a0\u00a0\u00a0\u00a0\u00a0\u00a0\u00a0\u00a0\u00a0\u00a0\u00a0\u00a0\u00a0\u00a0\u00a0\u00a0\u00a0\u00a0\u00a0\u00a0\u00a0\u00a0\u00a0\u00a0\u00a0\u00a0\u00a0\u00a0\u00a0\u00a0\u00a0\u00a0\u00a0\u00a0\u00a0\u00a0\u00a0\u00a0\u00a0\u00a0\u00a0\u00a0\u00a0\u00a0\u00a0\u00a0\u00a0\u00a0\u00a0\u00a0\u00a0\u00a0 Jan Pawe\u0142 II (Karol Wojty\u0142a) (1920 \u2013 2005) \u017bYCIORYS Karol Wojty\u0142a urodzi\u0142 si\u0119 w Wadowicach 18 maja 1920 roku, miejscu tak odleg\u0142ym od Rzymu, \u017ce nikt nie m\u00f3g\u0142by si\u0119 [&hellip;]<\/p>\n","protected":false},"author":1,"featured_media":0,"parent":0,"menu_order":0,"comment_status":"closed","ping_status":"closed","template":"","meta":{"ngg_post_thumbnail":0,"footnotes":""},"class_list":["post-2190","page","type-page","status-publish","hentry","clearfix"],"_links":{"self":[{"href":"https:\/\/zsjawornik.pl\/index.php\/wp-json\/wp\/v2\/pages\/2190","targetHints":{"allow":["GET"]}}],"collection":[{"href":"https:\/\/zsjawornik.pl\/index.php\/wp-json\/wp\/v2\/pages"}],"about":[{"href":"https:\/\/zsjawornik.pl\/index.php\/wp-json\/wp\/v2\/types\/page"}],"author":[{"embeddable":true,"href":"https:\/\/zsjawornik.pl\/index.php\/wp-json\/wp\/v2\/users\/1"}],"replies":[{"embeddable":true,"href":"https:\/\/zsjawornik.pl\/index.php\/wp-json\/wp\/v2\/comments?post=2190"}],"version-history":[{"count":1,"href":"https:\/\/zsjawornik.pl\/index.php\/wp-json\/wp\/v2\/pages\/2190\/revisions"}],"predecessor-version":[{"id":2191,"href":"https:\/\/zsjawornik.pl\/index.php\/wp-json\/wp\/v2\/pages\/2190\/revisions\/2191"}],"wp:attachment":[{"href":"https:\/\/zsjawornik.pl\/index.php\/wp-json\/wp\/v2\/media?parent=2190"}],"curies":[{"name":"wp","href":"https:\/\/api.w.org\/{rel}","templated":true}]}}