{"id":2130,"date":"2021-02-08T12:22:25","date_gmt":"2021-02-08T12:22:25","guid":{"rendered":"http:\/\/zsjawornik.pl\/?page_id=2130"},"modified":"2021-02-08T12:22:26","modified_gmt":"2021-02-08T12:22:26","slug":"przydatne-linki","status":"publish","type":"page","link":"https:\/\/zsjawornik.pl\/index.php\/przydatne-linki\/","title":{"rendered":"Przydatne linki"},"content":{"rendered":"\n<figure class=\"wp-block-table\"><table><tbody><tr><td>1<\/td><td>Ministerstwo Edukacji Narodowej&nbsp;<\/td><td><a href=\"http:\/\/men.gov.pl\/\">www.men.gov.pl<\/a><\/td><\/tr><tr><td>2<\/td><td>Centralna Komisja Egzaminacyjna<\/td><td><a href=\"http:\/\/www.cke.edu.pl\/\">www.cke.edu.pl<\/a><\/td><\/tr><tr><td>3<\/td><td>Podkarpackie Kuratorium O\u015bwiaty<\/td><td><a href=\"http:\/\/www.ko.rzeszow.pl\/\">www.ko.rzeszow.pl<\/a><\/td><\/tr><tr><td>4<\/td><td>Okr\u0119gowa Komisja Edukacyjna&nbsp;<em>Krak\u00f3w<\/em><\/td><td><a href=\"http:\/\/www.oke.krakow.pl\/\">www.oke.krakow.pl<\/a><\/td><\/tr><tr><td>5<\/td><td>Rodzina Szk\u00f3\u0142 im. Jana Paw\u0142a II<\/td><td><a href=\"http:\/\/www.rodzina.org.pl\/\">www.rodzina.org.pl<\/a><\/td><\/tr><tr><td>6<\/td><td>Testy dla gimnazjalist\u00f3w<\/td><td><a href=\"http:\/\/gazeta.pl\/edukacja\">www.gazeta.pl\/edukacja<\/a><\/td><\/tr><tr><td>7<\/td><td>Eduseek<\/td><td><a href=\"http:\/\/www.eduseek.interklasa.pl\/\">www.eduseek.interklasa.pl<\/a><\/td><\/tr><tr><td>8<\/td><td>Gmina Jawornik Polski<\/td><td><a href=\"http:\/\/www.jawornikpolski.itl.pl\/\">www.jawornikpolski.itl.pl<\/a><\/td><\/tr><tr><td>9<\/td><td>Wydawnictwo Szkolne i Pedagogiczne<\/td><td><a href=\"http:\/\/www.wsip.pl\/\">www.wsip.pl<\/a><\/td><\/tr><tr><td>10<\/td><td>Wydawnictwo Zamkor<\/td><td><a href=\"http:\/\/www.zamkor.pl\/\">www.zamkor.pl<\/a><\/td><\/tr><tr><td>11<\/td><td>Wydawnictwo Operon<\/td><td><a href=\"http:\/\/www.operon.pl\/\">www.operon.pl<\/a><\/td><\/tr><tr><td>12<\/td><td>Interkl@sa<\/td><td><a href=\"http:\/\/www.interklasa.pl\/portal\/index\/strony\">http:\/\/www.interklasa.pl<\/a><\/td><\/tr><\/tbody><\/table><\/figure>\n","protected":false},"excerpt":{"rendered":"<p>1 Ministerstwo Edukacji Narodowej&nbsp; www.men.gov.pl 2 Centralna Komisja Egzaminacyjna www.cke.edu.pl 3 Podkarpackie Kuratorium O\u015bwiaty www.ko.rzeszow.pl 4 Okr\u0119gowa Komisja Edukacyjna&nbsp;Krak\u00f3w www.oke.krakow.pl 5 Rodzina Szk\u00f3\u0142 im. Jana Paw\u0142a II www.rodzina.org.pl 6 Testy dla gimnazjalist\u00f3w www.gazeta.pl\/edukacja 7 Eduseek www.eduseek.interklasa.pl 8 Gmina Jawornik Polski www.jawornikpolski.itl.pl 9 Wydawnictwo Szkolne i Pedagogiczne www.wsip.pl 10 Wydawnictwo Zamkor www.zamkor.pl 11 Wydawnictwo Operon www.operon.pl [&hellip;]<\/p>\n","protected":false},"author":1,"featured_media":0,"parent":0,"menu_order":0,"comment_status":"closed","ping_status":"closed","template":"","meta":{"ngg_post_thumbnail":0,"footnotes":""},"class_list":["post-2130","page","type-page","status-publish","hentry","clearfix"],"_links":{"self":[{"href":"https:\/\/zsjawornik.pl\/index.php\/wp-json\/wp\/v2\/pages\/2130","targetHints":{"allow":["GET"]}}],"collection":[{"href":"https:\/\/zsjawornik.pl\/index.php\/wp-json\/wp\/v2\/pages"}],"about":[{"href":"https:\/\/zsjawornik.pl\/index.php\/wp-json\/wp\/v2\/types\/page"}],"author":[{"embeddable":true,"href":"https:\/\/zsjawornik.pl\/index.php\/wp-json\/wp\/v2\/users\/1"}],"replies":[{"embeddable":true,"href":"https:\/\/zsjawornik.pl\/index.php\/wp-json\/wp\/v2\/comments?post=2130"}],"version-history":[{"count":1,"href":"https:\/\/zsjawornik.pl\/index.php\/wp-json\/wp\/v2\/pages\/2130\/revisions"}],"predecessor-version":[{"id":2131,"href":"https:\/\/zsjawornik.pl\/index.php\/wp-json\/wp\/v2\/pages\/2130\/revisions\/2131"}],"wp:attachment":[{"href":"https:\/\/zsjawornik.pl\/index.php\/wp-json\/wp\/v2\/media?parent=2130"}],"curies":[{"name":"wp","href":"https:\/\/api.w.org\/{rel}","templated":true}]}}