{"id":1752,"date":"2016-05-25T10:17:06","date_gmt":"2016-05-25T10:17:06","guid":{"rendered":"http:\/\/watermark.pixelemu.com\/pe-school\/?page_id=1752"},"modified":"2023-02-28T17:38:19","modified_gmt":"2023-02-28T17:38:19","slug":"masters-degree","status":"publish","type":"page","link":"https:\/\/zsjawornik.pl\/index.php\/masters-degree\/","title":{"rendered":"Nasze osi\u0105gni\u0119cia"},"content":{"rendered":"<p><strong>ULICZNA GRA Z EKONOMIKIEM ZSZ 2<\/strong><\/p>\n<p>W dniu 28.02.2023r. o\u015bmiu uczni\u00f3w z klas VIIIa oraz VIIIb wzi\u0119\u0142o udzia\u0142 w finale konkursu ekonomicznego \u201eUliczna Gra z Ekonomikiem ZSZ 2\u201d w Rzeszowie. Poprzedzi\u0142y go cztery spotkania online z przedstawicielami NBP, ZUS, Urz\u0119du Miasta Rzesz\u00f3w, Urz\u0119du Skarbowego, GUS oraz Radia Rzesz\u00f3w od pa\u017adziernika do grudnia 2022r. Podczas fina\u0142u uczniowie zmierzyli si\u0119 indywidualnie z testem zamkni\u0119tym oraz w zespo\u0142ach z zadaniami praktycznymi, gdzie sprawdzana by\u0142a ich wiedza z zagadnie\u0144 ekonomicznych. Czekaj\u0105c na wyniki zespo\u0142y wzi\u0119\u0142y udzia\u0142 w pokazie z pierwszej pomocy. W finale udzia\u0142 wzi\u0119\u0142o 8 zespo\u0142\u00f3w z r\u00f3\u017cnych szk\u00f3\u0142 podstawowych. Z naszej szko\u0142y Zesp\u00f3\u0142 4 w sk\u0142adzie: Antoni Warcho\u0142, Wiktoria Jamrozik, Amelia Sereda, Jakub Trzyna zaj\u0105\u0142 III miejsce a Zesp\u00f3\u0142 3 w sk\u0142adzie: Aleksandra Suberlak, Nicole Grassi, Nikola Szmulik, Milena Trzyna uplasowa\u0142 si\u0119 na V miejscu. Dodatkowo jako szko\u0142a obydwa zespo\u0142y zaj\u0119\u0142y III miejsce. Wszystkim uczestnikom gratulujemy!!!!<\/p>\n<p><strong>GMINNY KONKURS WIEDZY Z J\u0118ZYKA ANGIELSKIEGO<\/strong><\/p>\n<div class=\"kvgmc6g5 cxmmr5t8 oygrvhab hcukyx3x c1et5uql ii04i59q\">\n<div dir=\"auto\">8 czerwca uczniowie wzi\u0119li udzia\u0142 w Gminnym Konkursie wiedzy z j\u0119zyka angielskiego w Manasterzu.<\/div>\n<div dir=\"auto\">W kategorii klas I-III &#8220;Jestem mistrzem angielskich s\u0142\u00f3wek&#8221; uczniowie klasy III Izabela \u017bak oraz Tymon Jamrozik zaj\u0119li ex aequo II miejsce.<\/div>\n<div dir=\"auto\">&nbsp;<\/div>\n<div dir=\"auto\">W kategorii klas VIII<\/div>\n<div dir=\"auto\">I miejsce -Filip Pir\u00f3g z klasy VIIIb<\/div>\n<div dir=\"auto\">II miejsce Maciej Motowid\u0142o z klasy VIIIb<\/div>\n<div dir=\"auto\">III miejsce Julia \u017bak z klasy VIIIa<\/div>\n<\/div>\n<div class=\"cxmmr5t8 oygrvhab hcukyx3x c1et5uql o9v6fnle ii04i59q\">\n<div dir=\"auto\">Wszystkim gratulujemy!!!<\/div>\n<div dir=\"auto\"><img loading=\"lazy\" decoding=\"async\" class=\"alignnone size-medium wp-image-3107\" src=\"https:\/\/zsjawornik.pl\/wp-content\/uploads\/2022\/06\/1655229046808-300x142.jpg\" alt=\"\" width=\"300\" height=\"142\" srcset=\"https:\/\/zsjawornik.pl\/wp-content\/uploads\/2022\/06\/1655229046808-300x142.jpg 300w, https:\/\/zsjawornik.pl\/wp-content\/uploads\/2022\/06\/1655229046808-1024x485.jpg 1024w, https:\/\/zsjawornik.pl\/wp-content\/uploads\/2022\/06\/1655229046808-768x363.jpg 768w, https:\/\/zsjawornik.pl\/wp-content\/uploads\/2022\/06\/1655229046808-1536x727.jpg 1536w, https:\/\/zsjawornik.pl\/wp-content\/uploads\/2022\/06\/1655229046808.jpg 2016w\" sizes=\"auto, (max-width: 300px) 100vw, 300px\" \/><\/div>\n<\/div>\n<p><strong>OMNIBUS &#8211; konkurs interdyscyplinarny z j\u0119zyka angielskiego i matematyki.&nbsp;<\/strong><\/p>\n<p>11 maja uczniowie klas 7 i 8 wzi\u0119li udzia\u0142 w XIII edycji interdyscyplinarnego konkursu Omnibus organizowanego w ZSZ Dynowie. Wyr\u00f3\u017cnienie z j\u0119zyka angielskiego otrzymali Julia \u017bak &#8211; 8a oraz Filip Pir\u00f3g &#8211; 8b. Gratulujemy!<\/p>\n<p>&nbsp;<\/p>\n<p><img loading=\"lazy\" decoding=\"async\" class=\"alignnone size-medium wp-image-3046\" src=\"https:\/\/zsjawornik.pl\/wp-content\/uploads\/2022\/05\/Omnibus-031-300x212.jpg\" alt=\"\" width=\"300\" height=\"212\" srcset=\"https:\/\/zsjawornik.pl\/wp-content\/uploads\/2022\/05\/Omnibus-031-300x212.jpg 300w, https:\/\/zsjawornik.pl\/wp-content\/uploads\/2022\/05\/Omnibus-031-768x541.jpg 768w, https:\/\/zsjawornik.pl\/wp-content\/uploads\/2022\/05\/Omnibus-031.jpg 800w\" sizes=\"auto, (max-width: 300px) 100vw, 300px\" \/><\/p>\n<p class=\"orange\">&nbsp;<\/p>\n\n\n<p><\/p>\n","protected":false},"excerpt":{"rendered":"<p>ULICZNA GRA Z EKONOMIKIEM ZSZ 2 W dniu 28.02.2023r. o\u015bmiu uczni\u00f3w z klas VIIIa oraz VIIIb wzi\u0119\u0142o udzia\u0142 w finale konkursu ekonomicznego \u201eUliczna Gra z Ekonomikiem ZSZ 2\u201d w Rzeszowie. Poprzedzi\u0142y go cztery spotkania online z przedstawicielami NBP, ZUS, Urz\u0119du Miasta Rzesz\u00f3w, Urz\u0119du Skarbowego, GUS oraz Radia Rzesz\u00f3w od pa\u017adziernika do grudnia 2022r. Podczas fina\u0142u [&hellip;]<\/p>\n","protected":false},"author":1,"featured_media":0,"parent":0,"menu_order":0,"comment_status":"closed","ping_status":"closed","template":"","meta":{"ngg_post_thumbnail":0,"footnotes":""},"class_list":["post-1752","page","type-page","status-publish","hentry","clearfix"],"_links":{"self":[{"href":"https:\/\/zsjawornik.pl\/index.php\/wp-json\/wp\/v2\/pages\/1752","targetHints":{"allow":["GET"]}}],"collection":[{"href":"https:\/\/zsjawornik.pl\/index.php\/wp-json\/wp\/v2\/pages"}],"about":[{"href":"https:\/\/zsjawornik.pl\/index.php\/wp-json\/wp\/v2\/types\/page"}],"author":[{"embeddable":true,"href":"https:\/\/zsjawornik.pl\/index.php\/wp-json\/wp\/v2\/users\/1"}],"replies":[{"embeddable":true,"href":"https:\/\/zsjawornik.pl\/index.php\/wp-json\/wp\/v2\/comments?post=1752"}],"version-history":[{"count":7,"href":"https:\/\/zsjawornik.pl\/index.php\/wp-json\/wp\/v2\/pages\/1752\/revisions"}],"predecessor-version":[{"id":3579,"href":"https:\/\/zsjawornik.pl\/index.php\/wp-json\/wp\/v2\/pages\/1752\/revisions\/3579"}],"wp:attachment":[{"href":"https:\/\/zsjawornik.pl\/index.php\/wp-json\/wp\/v2\/media?parent=1752"}],"curies":[{"name":"wp","href":"https:\/\/api.w.org\/{rel}","templated":true}]}}