{"id":100,"date":"2015-08-18T20:45:52","date_gmt":"2015-08-18T20:45:52","guid":{"rendered":"http:\/\/watermark.pixelemu.com\/pe-beauty-center\/?page_id=100"},"modified":"2024-11-28T14:19:06","modified_gmt":"2024-11-28T14:19:06","slug":"contact","status":"publish","type":"page","link":"https:\/\/zsjawornik.pl\/index.php\/contact\/","title":{"rendered":"Kontakt"},"content":{"rendered":"\n<p><strong>Kontakt<\/strong><\/p>\n\n\n\n<p>ADRES:<\/p>\n\n\n\n<p>Szko\u0142a Podstawowa im. Jana Paw\u0142a II w Jaworniku Polskim<br>ul. Szkolna 209, 37-232 Jawornik Polski<br>woj. podkarpackie, powiat przeworski<br>NIP&nbsp; 794-174-95-50<br>REGON&nbsp; 000663203<\/p>\n\n\n\n<p>TELEFON \/ E-mail<\/p>\n\n\n\n<p>(16) 6514079 \/ <a href=\"mailto:sp_jawornik@poczta.onet.pl\">sp_jawornik@poczta.onet.pl<\/a><\/p>\n\n\n\n<p>Organ Prowadz\u0105cy: Miasto i Gmina Jawornik Polski<\/p>\n\n\n\n<p>ADMINISTRATOR DANYCH OSOBOWYCH<br>Stanis\u0142aw Hop &#8211; Dyrektor Szko\u0142y<\/p>\n\n\n\n<p>INSPEKTOR OCHRONY DANYCH OSOBOWYCH<br>Adam Mita\u0142 &#8211; kontakt e-mail: <a href=\"mailto:iod_sp_jawornik@onet.pl\">iod_sp_jawornik@onet.pl<\/a><\/p>\n\n\n\n<p>Klauzule informacyjne dotycz\u0105ce przetwarzania danych osobowych pracownik\u00f3w Szko\u0142y Podstawowej im. Jana Paw\u0142a II w Jaworniku Polskim i wychowank\u00f3w s\u0105 dost\u0119pne u Administratora Danych Osobowych.<\/p>\n\n\n\n<p>DANE DO FAKTURY:<\/p>\n\n\n\n<p>NABYWCA:<br>Miasto i Gmina Jawornik Polski, ul. Rynek 30, 37-232 Jawornik Polski, NIP: 794-170-33-41<\/p>\n\n\n\n<p>ODBIORCA\/P\u0141ATNIK:<br>Szko\u0142a Podstawowa im. Jana Paw\u0142a II w Jaworniku Polskim, ul. Szkolna 209, 37-232 Jawornik Polski<\/p>\n\n\n\n<p><br><\/p>\n","protected":false},"excerpt":{"rendered":"<p>Kontakt ADRES: Szko\u0142a Podstawowa im. Jana Paw\u0142a II w Jaworniku Polskimul. Szkolna 209, 37-232 Jawornik Polskiwoj. podkarpackie, powiat przeworskiNIP&nbsp; 794-174-95-50REGON&nbsp; 000663203 TELEFON \/ E-mail (16) 6514079 \/ sp_jawornik@poczta.onet.pl Organ Prowadz\u0105cy: Miasto i Gmina Jawornik Polski ADMINISTRATOR DANYCH OSOBOWYCHStanis\u0142aw Hop &#8211; Dyrektor Szko\u0142y INSPEKTOR OCHRONY DANYCH OSOBOWYCHAdam Mita\u0142 &#8211; kontakt e-mail: iod_sp_jawornik@onet.pl Klauzule informacyjne dotycz\u0105ce przetwarzania [&hellip;]<\/p>\n","protected":false},"author":1,"featured_media":0,"parent":0,"menu_order":0,"comment_status":"closed","ping_status":"closed","template":"","meta":{"ngg_post_thumbnail":0,"footnotes":""},"class_list":["post-100","page","type-page","status-publish","hentry","clearfix"],"_links":{"self":[{"href":"https:\/\/zsjawornik.pl\/index.php\/wp-json\/wp\/v2\/pages\/100","targetHints":{"allow":["GET"]}}],"collection":[{"href":"https:\/\/zsjawornik.pl\/index.php\/wp-json\/wp\/v2\/pages"}],"about":[{"href":"https:\/\/zsjawornik.pl\/index.php\/wp-json\/wp\/v2\/types\/page"}],"author":[{"embeddable":true,"href":"https:\/\/zsjawornik.pl\/index.php\/wp-json\/wp\/v2\/users\/1"}],"replies":[{"embeddable":true,"href":"https:\/\/zsjawornik.pl\/index.php\/wp-json\/wp\/v2\/comments?post=100"}],"version-history":[{"count":5,"href":"https:\/\/zsjawornik.pl\/index.php\/wp-json\/wp\/v2\/pages\/100\/revisions"}],"predecessor-version":[{"id":4865,"href":"https:\/\/zsjawornik.pl\/index.php\/wp-json\/wp\/v2\/pages\/100\/revisions\/4865"}],"wp:attachment":[{"href":"https:\/\/zsjawornik.pl\/index.php\/wp-json\/wp\/v2\/media?parent=100"}],"curies":[{"name":"wp","href":"https:\/\/api.w.org\/{rel}","templated":true}]}}